{"id":3,"date":"2025-07-29T09:24:02","date_gmt":"2025-07-29T07:24:02","guid":{"rendered":"http:\/\/www.exeis.preprod-kalelia.fr\/?page_id=3"},"modified":"2025-07-31T14:26:57","modified_gmt":"2025-07-31T12:26:57","slug":"politique-de-confidentialite","status":"publish","type":"page","link":"https:\/\/pyramis-consulting.com\/?page_id=3","title":{"rendered":"Politique de confidentialit\u00e9"},"content":{"rendered":"\r\n<h2 class=\"wp-block-heading\" data-start=\"312\" data-end=\"334\">Qui sommes-nous ?<\/h2>\r\n<p data-start=\"335\" data-end=\"651\">Le pr\u00e9sent site est \u00e9dit\u00e9 par la soci\u00e9t\u00e9 PYRAMIS, entit\u00e9 du groupe EXEIS Conseil, dont le si\u00e8ge social est situ\u00e9 au 10 rue Magdeleine, 44200 NANTES \u2013 France.<br data-start=\"500\" data-end=\"503\" \/>Pour toute question relative \u00e0 vos donn\u00e9es personnelles, vous pouvez nous contacter \u00e0 l\u2019adresse suivante :<br data-start=\"609\" data-end=\"612\" \/>\ud83d\udce7 <a href=\"mailto:marketing-exeis@exeisconseil.com\" rel=\"noopener\" data-start=\"617\" data-end=\"649\">marketing-exeis@exeisconseil.com<\/a><\/p>\r\n<h2 data-start=\"653\" data-end=\"689\">Donn\u00e9es personnelles collect\u00e9es<\/h2>\r\n<p data-start=\"690\" data-end=\"761\">Nous collectons uniquement les donn\u00e9es strictement n\u00e9cessaires pour :<\/p>\r\n<ul data-start=\"762\" data-end=\"920\">\r\n<li data-start=\"762\" data-end=\"862\">\r\n<p data-start=\"764\" data-end=\"862\">r\u00e9pondre \u00e0 vos demandes via nos formulaires de contact (nom, pr\u00e9nom, e-mail, t\u00e9l\u00e9phone, message)<\/p>\r\n<\/li>\r\n<li data-start=\"863\" data-end=\"920\">\r\n<p data-start=\"865\" data-end=\"920\">mesurer l\u2019audience du site (via des cookies anonymes)<\/p>\r\n<\/li>\r\n<\/ul>\r\n<p data-start=\"922\" data-end=\"1038\">Aucune donn\u00e9e personnelle n\u2019est collect\u00e9e \u00e0 votre insu, ni utilis\u00e9e \u00e0 des fins commerciales sans votre consentement.<\/p>\r\n<h2 data-start=\"1040\" data-end=\"1084\">Finalit\u00e9 et base l\u00e9gale des traitements<\/h2>\r\n<p data-start=\"1085\" data-end=\"1143\">Les traitements r\u00e9alis\u00e9s sur ce site ont pour finalit\u00e9 :<\/p>\r\n<ul data-start=\"1144\" data-end=\"1285\">\r\n<li data-start=\"1144\" data-end=\"1205\">\r\n<p data-start=\"1146\" data-end=\"1205\">la gestion des demandes entrantes (formulaire de contact)<\/p>\r\n<\/li>\r\n<li data-start=\"1206\" data-end=\"1285\">\r\n<p data-start=\"1208\" data-end=\"1285\">l\u2019analyse statistique anonyme de la fr\u00e9quentation du site (via des cookies)<\/p>\r\n<\/li>\r\n<\/ul>\r\n<p data-start=\"1287\" data-end=\"1503\">Ces traitements reposent sur l\u2019int\u00e9r\u00eat l\u00e9gitime du responsable de traitement \u00e0 assurer le bon fonctionnement du site et \u00e0 r\u00e9pondre \u00e0 ses visiteurs, ou sur votre consentement lorsque celui-ci est requis (ex. cookies).<\/p>\r\n<h2 data-start=\"1505\" data-end=\"1531\">Dur\u00e9e de conservation<\/h2>\r\n<p data-start=\"1532\" data-end=\"1786\">Les donn\u00e9es issues des formulaires de contact sont conserv\u00e9es pendant une dur\u00e9e maximale de 12 mois \u00e0 compter de la derni\u00e8re interaction.<br data-start=\"1673\" data-end=\"1676\" \/>Les cookies statistiques sont conserv\u00e9s pour une dur\u00e9e maximale de 13 mois, sauf opposition de votre part.<\/p>\r\n<h2 data-start=\"1788\" data-end=\"1818\">Destinataires des donn\u00e9es<\/h2>\r\n<p data-start=\"1819\" data-end=\"2100\">Les donn\u00e9es collect\u00e9es sont exclusivement destin\u00e9es \u00e0 la soci\u00e9t\u00e9 PYRAMIS. Elles ne sont ni vendues, ni lou\u00e9es, ni c\u00e9d\u00e9es \u00e0 des tiers.<br data-start=\"1956\" data-end=\"1959\" \/>Certaines donn\u00e9es techniques peuvent \u00eatre accessibles \u00e0 nos prestataires techniques (h\u00e9bergeur, maintenance), dans le strict respect du RGPD.<\/p>\r\n<h2 data-start=\"2102\" data-end=\"2117\">Vos droits<\/h2>\r\n<p data-start=\"2118\" data-end=\"2200\">Conform\u00e9ment \u00e0 la r\u00e9glementation en vigueur, vous disposez des droits suivants :<\/p>\r\n<ul data-start=\"2201\" data-end=\"2433\">\r\n<li data-start=\"2201\" data-end=\"2232\">\r\n<p data-start=\"2203\" data-end=\"2232\">droit d\u2019acc\u00e8s \u00e0 vos donn\u00e9es<\/p>\r\n<\/li>\r\n<li data-start=\"2233\" data-end=\"2259\">\r\n<p data-start=\"2235\" data-end=\"2259\">droit de rectification<\/p>\r\n<\/li>\r\n<li data-start=\"2260\" data-end=\"2282\">\r\n<p data-start=\"2262\" data-end=\"2282\">droit d\u2019effacement<\/p>\r\n<\/li>\r\n<li data-start=\"2283\" data-end=\"2336\">\r\n<p data-start=\"2285\" data-end=\"2336\">droit d\u2019opposition ou de limitation du traitement<\/p>\r\n<\/li>\r\n<li data-start=\"2337\" data-end=\"2378\">\r\n<p data-start=\"2339\" data-end=\"2378\">droit \u00e0 la portabilit\u00e9 de vos donn\u00e9es<\/p>\r\n<\/li>\r\n<li data-start=\"2379\" data-end=\"2433\">\r\n<p data-start=\"2381\" data-end=\"2433\">droit de retrait de votre consentement \u00e0 tout moment<\/p>\r\n<\/li>\r\n<\/ul>\r\n<p data-start=\"2435\" data-end=\"2633\">Pour exercer vos droits, adressez votre demande par e-mail \u00e0 : <a href=\"mailto:marketing-exeis@exeisconseil.com\" rel=\"noopener\" data-start=\"2500\" data-end=\"2532\">marketing-exeis@exeisconseil.com<\/a><br data-start=\"2534\" data-end=\"2537\" \/>Un justificatif d\u2019identit\u00e9 pourra vous \u00eatre demand\u00e9 en cas de doute sur l&rsquo;identit\u00e9 du demandeur.<\/p>\r\n<p data-start=\"2635\" data-end=\"2778\">Vous avez \u00e9galement le droit d\u2019introduire une r\u00e9clamation aupr\u00e8s de la CNIL (<a href=\"http:\/\/www.cnil.fr\">www.cnil.fr<\/a>) si vous estimez que vos droits ne sont pas respect\u00e9s.<\/p>\r\n<h2 data-start=\"2780\" data-end=\"2792\">Cookies<\/h2>\r\n<p data-start=\"2793\" data-end=\"3167\">Le site utilise des cookies n\u00e9cessaires \u00e0 son bon fonctionnement (pr\u00e9f\u00e9rences de navigation) et des cookies de mesure d\u2019audience anonymes (statistiques).<br data-start=\"2946\" data-end=\"2949\" \/>Lors de votre premi\u00e8re visite, un bandeau vous informe de la possibilit\u00e9 d\u2019accepter ou de refuser les cookies non essentiels. Vous pouvez modifier vos pr\u00e9f\u00e9rences \u00e0 tout moment via l\u2019interface de gestion des cookies.<\/p>\r\n\r\n<p>&nbsp;<\/p>","protected":false},"excerpt":{"rendered":"<p>Qui sommes-nous ? Le<\/p>\n","protected":false},"author":1,"featured_media":0,"parent":0,"menu_order":0,"comment_status":"closed","ping_status":"closed","template":"","meta":{"_seopress_robots_primary_cat":"","_seopress_titles_title":"","_seopress_titles_desc":"","_seopress_robots_index":"","footnotes":""},"class_list":["post-3","page","type-page","status-publish","hentry"],"_links":{"self":[{"href":"https:\/\/pyramis-consulting.com\/index.php?rest_route=\/wp\/v2\/pages\/3","targetHints":{"allow":["GET"]}}],"collection":[{"href":"https:\/\/pyramis-consulting.com\/index.php?rest_route=\/wp\/v2\/pages"}],"about":[{"href":"https:\/\/pyramis-consulting.com\/index.php?rest_route=\/wp\/v2\/types\/page"}],"author":[{"embeddable":true,"href":"https:\/\/pyramis-consulting.com\/index.php?rest_route=\/wp\/v2\/users\/1"}],"replies":[{"embeddable":true,"href":"https:\/\/pyramis-consulting.com\/index.php?rest_route=%2Fwp%2Fv2%2Fcomments&post=3"}],"version-history":[{"count":3,"href":"https:\/\/pyramis-consulting.com\/index.php?rest_route=\/wp\/v2\/pages\/3\/revisions"}],"predecessor-version":[{"id":42,"href":"https:\/\/pyramis-consulting.com\/index.php?rest_route=\/wp\/v2\/pages\/3\/revisions\/42"}],"wp:attachment":[{"href":"https:\/\/pyramis-consulting.com\/index.php?rest_route=%2Fwp%2Fv2%2Fmedia&parent=3"}],"curies":[{"name":"wp","href":"https:\/\/api.w.org\/{rel}","templated":true}]}}