{"id":2,"date":"2025-07-29T09:24:02","date_gmt":"2025-07-29T07:24:02","guid":{"rendered":"http:\/\/www.exeis.preprod-kalelia.fr\/?page_id=2"},"modified":"2025-07-31T12:26:05","modified_gmt":"2025-07-31T10:26:05","slug":"page-d-exemple","status":"publish","type":"page","link":"https:\/\/pyramis-consulting.com\/","title":{"rendered":"Amplifier votre performance et visez l\u2019excellence op\u00e9rationnelle"},"content":{"rendered":"<p>Pyramis Consulting, marque d\u2019EXEIS Conseil, s\u2019engage aux c\u00f4t\u00e9s des entreprises pour am\u00e9liorer durablement leur performance et b\u00e2tir l\u2019excellence op\u00e9rationnelle. Notre ambition : accompagner le d\u00e9ploiement des industries vers le futur, avec des solutions concr\u00e8tes, pragmatiques et adapt\u00e9es \u00e0 vos enjeux. D\u00e9couvrez notre vision et nos savoir-faire sur le site d&rsquo;EXEIS Conseil.<\/p>\n<p><span class=\"btn_principal\"><a href=\"https:\/\/exeisconseil.com\/savoir-faire\/\">Retrouvez tous nos savoir-faire sur EXEIS Conseil<\/a><\/span><\/p>\n","protected":false},"excerpt":{"rendered":"<p>Pyramis Consulting, marque d\u2019EXEIS<\/p>\n","protected":false},"author":1,"featured_media":8,"parent":0,"menu_order":0,"comment_status":"closed","ping_status":"closed","template":"page-templates\/page_landing.php","meta":{"_seopress_robots_primary_cat":"","_seopress_titles_title":"","_seopress_titles_desc":"","_seopress_robots_index":"","footnotes":""},"class_list":["post-2","page","type-page","status-publish","has-post-thumbnail","hentry"],"_links":{"self":[{"href":"https:\/\/pyramis-consulting.com\/index.php?rest_route=\/wp\/v2\/pages\/2","targetHints":{"allow":["GET"]}}],"collection":[{"href":"https:\/\/pyramis-consulting.com\/index.php?rest_route=\/wp\/v2\/pages"}],"about":[{"href":"https:\/\/pyramis-consulting.com\/index.php?rest_route=\/wp\/v2\/types\/page"}],"author":[{"embeddable":true,"href":"https:\/\/pyramis-consulting.com\/index.php?rest_route=\/wp\/v2\/users\/1"}],"replies":[{"embeddable":true,"href":"https:\/\/pyramis-consulting.com\/index.php?rest_route=%2Fwp%2Fv2%2Fcomments&post=2"}],"version-history":[{"count":4,"href":"https:\/\/pyramis-consulting.com\/index.php?rest_route=\/wp\/v2\/pages\/2\/revisions"}],"predecessor-version":[{"id":39,"href":"https:\/\/pyramis-consulting.com\/index.php?rest_route=\/wp\/v2\/pages\/2\/revisions\/39"}],"wp:featuredmedia":[{"embeddable":true,"href":"https:\/\/pyramis-consulting.com\/index.php?rest_route=\/wp\/v2\/media\/8"}],"wp:attachment":[{"href":"https:\/\/pyramis-consulting.com\/index.php?rest_route=%2Fwp%2Fv2%2Fmedia&parent=2"}],"curies":[{"name":"wp","href":"https:\/\/api.w.org\/{rel}","templated":true}]}}